{"id":42,"date":"2024-04-30T10:18:32","date_gmt":"2024-04-30T14:18:32","guid":{"rendered":"https:\/\/criticallwp.wpenginepowered.com\/?page_id=42"},"modified":"2024-05-06T16:54:57","modified_gmt":"2024-05-06T20:54:57","slug":"critical-care-moderate-surge-support","status":"publish","type":"page","link":"https:\/\/www.criticall.org\/fr\/help-my-hospital\/critical-care-moderate-surge-support\/","title":{"rendered":"Aide \u00e0 la gestion en cas de pointe mod\u00e9r\u00e9e"},"content":{"rendered":"<p>[et_pb_section fb_built=&#8221;1&#8243; _builder_version=&#8221;4.25.0&#8243; _module_preset=&#8221;default&#8221; global_colors_info=&#8221;{}&#8221; theme_builder_area=&#8221;et_body_layout&#8221;][et_pb_row _builder_version=&#8221;4.25.0&#8243; _module_preset=&#8221;default&#8221; global_colors_info=&#8221;{}&#8221; theme_builder_area=&#8221;et_body_layout&#8221;][et_pb_column type=&#8221;4_4&#8243; _builder_version=&#8221;4.25.0&#8243; _module_preset=&#8221;default&#8221; global_colors_info=&#8221;{}&#8221; theme_builder_area=&#8221;et_body_layout&#8221;][et_pb_text _builder_version=&#8221;4.25.0&#8243; _module_preset=&#8221;default&#8221; header_font=&#8221;|800|||||||&#8221; custom_margin=&#8221;||32px||false|false&#8221; global_colors_info=&#8221;{}&#8221; theme_builder_area=&#8221;et_body_layout&#8221;]<\/p>\n<h1>Critical Care Moderate Surge Support<\/h1>\n<p>[\/et_pb_text][et_pb_text _builder_version=&#8221;4.25.0&#8243; _module_preset=&#8221;default&#8221; hover_enabled=&#8221;0&#8243; global_colors_info=&#8221;{}&#8221; theme_builder_area=&#8221;et_body_layout&#8221; sticky_enabled=&#8221;0&#8243;]<\/p>\n<p>Critical Care moderate surge management plays a key role in ensuring resources required for emergent care are available when they are needed. If your hospital is in a critical care moderate surge situation, your hospital\u2019s Chief Executive Office or a designate can contact CritiCall Ontario\u2019s dedicated Critical Care Moderate Surge Response Line at 1-877-668-7874 (ONTSURGE).<\/p>\n<p>You will be connected to one of our Call Centre Agents who will bring your region\u2019s critical care surge response team to the line to speak with you about the current situation and next steps of surge response.<\/p>\n<p>For more information, please review the related documents below:<\/p>\n<ul>\n<li><a href=\"https:\/\/www.criticall.org\/wp-content\/uploads\/2024\/05\/Process-for-Declaring-Critical-Care-Moderate-Surge_2023.pdf\" target=\"_blank\" rel=\"noopener\">Process for Declaring a Critical Care Moderate Surge:<\/a> Algorithm outlining the step by step process or declaring a Moderate Surge.<\/li>\n<li><a href=\"https:\/\/www.criticall.org\/wp-content\/uploads\/2024\/05\/CC-Surge-Index-Hospital-SBAR-Form.docx\" target=\"_blank\" rel=\"noopener\">Index Hospital SBAR Form:<\/a> To be completed by the Index Hospital\u2019s critical care team (critical care manager, director or another delegate) and provided to the Hospital CEO\/senior delegate prior to the Moderate Surge preamble call organized by CritiCall Ontario.<\/li>\n<li><a href=\"https:\/\/www.criticall.org\/wp-content\/uploads\/2024\/05\/CC-Surge-Partner-Hospital-Reporting-Form.docx\" target=\"_blank\" rel=\"noopener\">Partner Hospital Reporting Form:<\/a> To be completed by Partner Hospitals prior to joining the Moderate Surge teleconference organized by CritiCall Ontario.<\/li>\n<\/ul>\n<p>&nbsp;<\/p>\n<p>[\/et_pb_text][\/et_pb_column][\/et_pb_row][\/et_pb_section]<\/p>\n","protected":false},"excerpt":{"rendered":"<p>Critical Care Moderate Surge SupportCritical Care moderate surge management plays a key role in ensuring resources required for emergent care are available when they are needed. If your hospital is in a critical care moderate surge situation, your hospital\u2019s Chief Executive Office or a designate can contact CritiCall Ontario\u2019s dedicated Critical Care Moderate Surge Response Line at 1-877-668-7874 (ONTSURGE). You will be connected to one of our Call Centre Agents who will bring your region\u2019s critical care surge response team to the line to speak with you about the current situation and next steps of surge response. For more information, please review the related documents below: Process for Declaring a Critical Care Moderate Surge: Algorithm outlining the step by step process or declaring a Moderate Surge. Index Hospital SBAR Form: To be completed by the Index Hospital\u2019s critical care team (critical care manager, director or another delegate) and provided to the Hospital CEO\/senior delegate prior to the Moderate Surge preamble call organized by CritiCall Ontario. Partner Hospital Reporting Form: To be completed by Partner Hospitals prior to joining the Moderate Surge teleconference organized by CritiCall Ontario. &nbsp;<\/p>","protected":false},"author":1,"featured_media":0,"parent":41,"menu_order":0,"comment_status":"closed","ping_status":"closed","template":"","meta":{"_et_pb_use_builder":"on","_et_pb_old_content":"<!-- wp:divi\/placeholder \/-->","_et_gb_content_width":"","footnotes":""},"class_list":["post-42","page","type-page","status-publish","hentry"],"yoast_head":"<!-- This site is optimized with the Yoast SEO plugin v27.5 - https:\/\/yoast.com\/product\/yoast-seo-wordpress\/ -->\n<title>Critical Care Moderate Surge Support &#187; CritiCall Ontario<\/title>\n<meta name=\"robots\" content=\"index, follow, max-snippet:-1, max-image-preview:large, max-video-preview:-1\" \/>\n<link rel=\"canonical\" href=\"https:\/\/www.criticall.org\/fr\/help-my-hospital\/critical-care-moderate-surge-support\/\" \/>\n<meta property=\"og:locale\" content=\"fr_CA\" \/>\n<meta property=\"og:type\" content=\"article\" \/>\n<meta property=\"og:title\" content=\"Critical Care Moderate Surge Support &#187; CritiCall Ontario\" \/>\n<meta property=\"og:description\" content=\"Critical Care Moderate Surge SupportCritical Care moderate surge management plays a key role in ensuring resources required for emergent care are available when they are needed. If your hospital is in a critical care moderate surge situation, your hospital\u2019s Chief Executive Office or a designate can contact CritiCall Ontario\u2019s dedicated Critical Care Moderate Surge Response Line at 1-877-668-7874 (ONTSURGE). You will be connected to one of our Call Centre Agents who will bring your region\u2019s critical care surge response team to the line to speak with you about the current situation and next steps of surge response. For more information, please review the related documents below: Process for Declaring a Critical Care Moderate Surge: Algorithm outlining the step by step process or declaring a Moderate Surge. Index Hospital SBAR Form: To be completed by the Index Hospital\u2019s critical care team (critical care manager, director or another delegate) and provided to the Hospital CEO\/senior delegate prior to the Moderate Surge preamble call organized by CritiCall Ontario. Partner Hospital Reporting Form: To be completed by Partner Hospitals prior to joining the Moderate Surge teleconference organized by CritiCall Ontario. &nbsp;\" \/>\n<meta property=\"og:url\" content=\"https:\/\/www.criticall.org\/fr\/help-my-hospital\/critical-care-moderate-surge-support\/\" \/>\n<meta property=\"og:site_name\" content=\"CritiCall Ontario\" \/>\n<meta property=\"article:modified_time\" content=\"2024-05-06T20:54:57+00:00\" \/>\n<meta name=\"twitter:card\" content=\"summary_large_image\" \/>\n<script type=\"application\/ld+json\" class=\"yoast-schema-graph\">{\"@context\":\"https:\\\/\\\/schema.org\",\"@graph\":[{\"@type\":\"WebPage\",\"@id\":\"https:\\\/\\\/www.criticall.org\\\/help-my-hospital\\\/critical-care-moderate-surge-support\\\/\",\"url\":\"https:\\\/\\\/www.criticall.org\\\/help-my-hospital\\\/critical-care-moderate-surge-support\\\/\",\"name\":\"Critical Care Moderate Surge Support &#187; CritiCall Ontario\",\"isPartOf\":{\"@id\":\"https:\\\/\\\/www.criticall.org\\\/#website\"},\"datePublished\":\"2024-04-30T14:18:32+00:00\",\"dateModified\":\"2024-05-06T20:54:57+00:00\",\"breadcrumb\":{\"@id\":\"https:\\\/\\\/www.criticall.org\\\/help-my-hospital\\\/critical-care-moderate-surge-support\\\/#breadcrumb\"},\"inLanguage\":\"fr-CA\",\"potentialAction\":[{\"@type\":\"ReadAction\",\"target\":[\"https:\\\/\\\/www.criticall.org\\\/help-my-hospital\\\/critical-care-moderate-surge-support\\\/\"]}]},{\"@type\":\"BreadcrumbList\",\"@id\":\"https:\\\/\\\/www.criticall.org\\\/help-my-hospital\\\/critical-care-moderate-surge-support\\\/#breadcrumb\",\"itemListElement\":[{\"@type\":\"ListItem\",\"position\":1,\"name\":\"Home\",\"item\":\"https:\\\/\\\/www.criticall.org\\\/\"},{\"@type\":\"ListItem\",\"position\":2,\"name\":\"Help My Hospital\",\"item\":\"https:\\\/\\\/www.criticall.org\\\/help-my-hospital\\\/\"},{\"@type\":\"ListItem\",\"position\":3,\"name\":\"Critical Care Moderate Surge Support\"}]},{\"@type\":\"WebSite\",\"@id\":\"https:\\\/\\\/www.criticall.org\\\/#website\",\"url\":\"https:\\\/\\\/www.criticall.org\\\/\",\"name\":\"CritiCall Ontario\",\"description\":\"\",\"potentialAction\":[{\"@type\":\"SearchAction\",\"target\":{\"@type\":\"EntryPoint\",\"urlTemplate\":\"https:\\\/\\\/www.criticall.org\\\/?s={search_term_string}\"},\"query-input\":{\"@type\":\"PropertyValueSpecification\",\"valueRequired\":true,\"valueName\":\"search_term_string\"}}],\"inLanguage\":\"fr-CA\"}]}<\/script>\n<!-- \/ Yoast SEO plugin. -->","yoast_head_json":{"title":"Critical Care Moderate Surge Support &#187; CritiCall Ontario","robots":{"index":"index","follow":"follow","max-snippet":"max-snippet:-1","max-image-preview":"max-image-preview:large","max-video-preview":"max-video-preview:-1"},"canonical":"https:\/\/www.criticall.org\/fr\/help-my-hospital\/critical-care-moderate-surge-support\/","og_locale":"fr_CA","og_type":"article","og_title":"Critical Care Moderate Surge Support &#187; CritiCall Ontario","og_description":"Critical Care Moderate Surge SupportCritical Care moderate surge management plays a key role in ensuring resources required for emergent care are available when they are needed. If your hospital is in a critical care moderate surge situation, your hospital\u2019s Chief Executive Office or a designate can contact CritiCall Ontario\u2019s dedicated Critical Care Moderate Surge Response Line at 1-877-668-7874 (ONTSURGE). You will be connected to one of our Call Centre Agents who will bring your region\u2019s critical care surge response team to the line to speak with you about the current situation and next steps of surge response. For more information, please review the related documents below: Process for Declaring a Critical Care Moderate Surge: Algorithm outlining the step by step process or declaring a Moderate Surge. Index Hospital SBAR Form: To be completed by the Index Hospital\u2019s critical care team (critical care manager, director or another delegate) and provided to the Hospital CEO\/senior delegate prior to the Moderate Surge preamble call organized by CritiCall Ontario. Partner Hospital Reporting Form: To be completed by Partner Hospitals prior to joining the Moderate Surge teleconference organized by CritiCall Ontario. &nbsp;","og_url":"https:\/\/www.criticall.org\/fr\/help-my-hospital\/critical-care-moderate-surge-support\/","og_site_name":"CritiCall Ontario","article_modified_time":"2024-05-06T20:54:57+00:00","twitter_card":"summary_large_image","schema":{"@context":"https:\/\/schema.org","@graph":[{"@type":"WebPage","@id":"https:\/\/www.criticall.org\/help-my-hospital\/critical-care-moderate-surge-support\/","url":"https:\/\/www.criticall.org\/help-my-hospital\/critical-care-moderate-surge-support\/","name":"Critical Care Moderate Surge Support &#187; CritiCall Ontario","isPartOf":{"@id":"https:\/\/www.criticall.org\/#website"},"datePublished":"2024-04-30T14:18:32+00:00","dateModified":"2024-05-06T20:54:57+00:00","breadcrumb":{"@id":"https:\/\/www.criticall.org\/help-my-hospital\/critical-care-moderate-surge-support\/#breadcrumb"},"inLanguage":"fr-CA","potentialAction":[{"@type":"ReadAction","target":["https:\/\/www.criticall.org\/help-my-hospital\/critical-care-moderate-surge-support\/"]}]},{"@type":"BreadcrumbList","@id":"https:\/\/www.criticall.org\/help-my-hospital\/critical-care-moderate-surge-support\/#breadcrumb","itemListElement":[{"@type":"ListItem","position":1,"name":"Home","item":"https:\/\/www.criticall.org\/"},{"@type":"ListItem","position":2,"name":"Help My Hospital","item":"https:\/\/www.criticall.org\/help-my-hospital\/"},{"@type":"ListItem","position":3,"name":"Critical Care Moderate Surge Support"}]},{"@type":"WebSite","@id":"https:\/\/www.criticall.org\/#website","url":"https:\/\/www.criticall.org\/","name":"CritiCall Ontario","description":"","potentialAction":[{"@type":"SearchAction","target":{"@type":"EntryPoint","urlTemplate":"https:\/\/www.criticall.org\/?s={search_term_string}"},"query-input":{"@type":"PropertyValueSpecification","valueRequired":true,"valueName":"search_term_string"}}],"inLanguage":"fr-CA"}]}},"_links":{"self":[{"href":"https:\/\/www.criticall.org\/fr\/wp-json\/wp\/v2\/pages\/42","targetHints":{"allow":["GET"]}}],"collection":[{"href":"https:\/\/www.criticall.org\/fr\/wp-json\/wp\/v2\/pages"}],"about":[{"href":"https:\/\/www.criticall.org\/fr\/wp-json\/wp\/v2\/types\/page"}],"author":[{"embeddable":true,"href":"https:\/\/www.criticall.org\/fr\/wp-json\/wp\/v2\/users\/1"}],"replies":[{"embeddable":true,"href":"https:\/\/www.criticall.org\/fr\/wp-json\/wp\/v2\/comments?post=42"}],"version-history":[{"count":0,"href":"https:\/\/www.criticall.org\/fr\/wp-json\/wp\/v2\/pages\/42\/revisions"}],"up":[{"embeddable":true,"href":"https:\/\/www.criticall.org\/fr\/wp-json\/wp\/v2\/pages\/41"}],"wp:attachment":[{"href":"https:\/\/www.criticall.org\/fr\/wp-json\/wp\/v2\/media?parent=42"}],"curies":[{"name":"wp","href":"https:\/\/api.w.org\/{rel}","templated":true}]}}